{"id":18,"date":"2021-08-18T12:30:57","date_gmt":"2021-08-18T12:30:57","guid":{"rendered":"https:\/\/www.m234barcelona.com\/?page_id=18"},"modified":"2025-08-11T07:46:54","modified_gmt":"2025-08-11T07:46:54","slug":"home","status":"publish","type":"page","link":"https:\/\/m234barcelona.com\/ca\/","title":{"rendered":"Home"},"content":{"rendered":"","protected":false},"excerpt":{"rendered":"","protected":false},"author":1,"featured_media":0,"parent":0,"menu_order":0,"comment_status":"closed","ping_status":"closed","template":"page-home.php","meta":{"_acf_changed":false,"footnotes":""},"class_list":["post-18","page","type-page","status-publish","hentry"],"acf":[],"yoast_head":"<!-- This site is optimized with the Yoast SEO plugin v25.0 - https:\/\/yoast.com\/wordpress\/plugins\/seo\/ -->\n<title>Casa Maury-Par\u00e9s I M234 I Obra nova a l&#039;Eixample<\/title>\n<meta name=\"description\" content=\"La Casa Maury-Par\u00e9s, obra nova a l&#039;Eixample de Barcelona, consta de 24 habitatges equipats amb les m\u00e9s altes exig\u00e8ncies t\u00e8cniques i d&#039;efici\u00e8ncia energ\u00e8tica\" \/>\n<meta name=\"robots\" content=\"index, follow, max-snippet:-1, max-image-preview:large, max-video-preview:-1\" \/>\n<link rel=\"canonical\" href=\"https:\/\/m234barcelona.com\/ca\/\" \/>\n<meta property=\"og:locale\" content=\"ca_ES\" \/>\n<meta property=\"og:type\" content=\"article\" \/>\n<meta property=\"og:title\" content=\"Casa Maury-Par\u00e9s I M234 I Obra nova a l&#039;Eixample\" \/>\n<meta property=\"og:description\" content=\"La Casa Maury-Par\u00e9s, obra nova a l&#039;Eixample de Barcelona, consta de 24 habitatges equipats amb les m\u00e9s altes exig\u00e8ncies t\u00e8cniques i d&#039;efici\u00e8ncia energ\u00e8tica\" \/>\n<meta property=\"og:url\" content=\"https:\/\/m234barcelona.com\/ca\/\" \/>\n<meta property=\"og:site_name\" content=\"M234\" \/>\n<meta property=\"article:modified_time\" content=\"2025-08-11T07:46:54+00:00\" \/>\n<meta name=\"twitter:card\" content=\"summary_large_image\" \/>\n<script type=\"application\/ld+json\" class=\"yoast-schema-graph\">{\"@context\":\"https:\/\/schema.org\",\"@graph\":[{\"@type\":\"WebPage\",\"@id\":\"https:\/\/m234barcelona.com\/ca\/\",\"url\":\"https:\/\/m234barcelona.com\/ca\/\",\"name\":\"Casa Maury-Par\u00e9s I M234 I Obra nova a l'Eixample\",\"isPartOf\":{\"@id\":\"https:\/\/m234barcelona.com\/en\/#website\"},\"datePublished\":\"2021-08-18T12:30:57+00:00\",\"dateModified\":\"2025-08-11T07:46:54+00:00\",\"description\":\"La Casa Maury-Par\u00e9s, obra nova a l'Eixample de Barcelona, consta de 24 habitatges equipats amb les m\u00e9s altes exig\u00e8ncies t\u00e8cniques i d'efici\u00e8ncia energ\u00e8tica\",\"breadcrumb\":{\"@id\":\"https:\/\/m234barcelona.com\/ca\/#breadcrumb\"},\"inLanguage\":\"ca\",\"potentialAction\":[{\"@type\":\"ReadAction\",\"target\":[\"https:\/\/m234barcelona.com\/ca\/\"]}]},{\"@type\":\"BreadcrumbList\",\"@id\":\"https:\/\/m234barcelona.com\/ca\/#breadcrumb\",\"itemListElement\":[{\"@type\":\"ListItem\",\"position\":1,\"name\":\"Portada\",\"item\":\"https:\/\/m234barcelona.com\/ca\/\"},{\"@type\":\"ListItem\",\"position\":2,\"name\":\"Home\"}]},{\"@type\":\"WebSite\",\"@id\":\"https:\/\/m234barcelona.com\/en\/#website\",\"url\":\"https:\/\/m234barcelona.com\/en\/\",\"name\":\"M234\",\"description\":\"Otro sitio realizado con WordPress\",\"potentialAction\":[{\"@type\":\"SearchAction\",\"target\":{\"@type\":\"EntryPoint\",\"urlTemplate\":\"https:\/\/m234barcelona.com\/en\/?s={search_term_string}\"},\"query-input\":{\"@type\":\"PropertyValueSpecification\",\"valueRequired\":true,\"valueName\":\"search_term_string\"}}],\"inLanguage\":\"ca\"}]}<\/script>\n<!-- \/ Yoast SEO plugin. -->","yoast_head_json":{"title":"Casa Maury-Par\u00e9s I M234 I Obra nova a l'Eixample","description":"La Casa Maury-Par\u00e9s, obra nova a l'Eixample de Barcelona, consta de 24 habitatges equipats amb les m\u00e9s altes exig\u00e8ncies t\u00e8cniques i d'efici\u00e8ncia energ\u00e8tica","robots":{"index":"index","follow":"follow","max-snippet":"max-snippet:-1","max-image-preview":"max-image-preview:large","max-video-preview":"max-video-preview:-1"},"canonical":"https:\/\/m234barcelona.com\/ca\/","og_locale":"ca_ES","og_type":"article","og_title":"Casa Maury-Par\u00e9s I M234 I Obra nova a l'Eixample","og_description":"La Casa Maury-Par\u00e9s, obra nova a l'Eixample de Barcelona, consta de 24 habitatges equipats amb les m\u00e9s altes exig\u00e8ncies t\u00e8cniques i d'efici\u00e8ncia energ\u00e8tica","og_url":"https:\/\/m234barcelona.com\/ca\/","og_site_name":"M234","article_modified_time":"2025-08-11T07:46:54+00:00","twitter_card":"summary_large_image","schema":{"@context":"https:\/\/schema.org","@graph":[{"@type":"WebPage","@id":"https:\/\/m234barcelona.com\/ca\/","url":"https:\/\/m234barcelona.com\/ca\/","name":"Casa Maury-Par\u00e9s I M234 I Obra nova a l'Eixample","isPartOf":{"@id":"https:\/\/m234barcelona.com\/en\/#website"},"datePublished":"2021-08-18T12:30:57+00:00","dateModified":"2025-08-11T07:46:54+00:00","description":"La Casa Maury-Par\u00e9s, obra nova a l'Eixample de Barcelona, consta de 24 habitatges equipats amb les m\u00e9s altes exig\u00e8ncies t\u00e8cniques i d'efici\u00e8ncia energ\u00e8tica","breadcrumb":{"@id":"https:\/\/m234barcelona.com\/ca\/#breadcrumb"},"inLanguage":"ca","potentialAction":[{"@type":"ReadAction","target":["https:\/\/m234barcelona.com\/ca\/"]}]},{"@type":"BreadcrumbList","@id":"https:\/\/m234barcelona.com\/ca\/#breadcrumb","itemListElement":[{"@type":"ListItem","position":1,"name":"Portada","item":"https:\/\/m234barcelona.com\/ca\/"},{"@type":"ListItem","position":2,"name":"Home"}]},{"@type":"WebSite","@id":"https:\/\/m234barcelona.com\/en\/#website","url":"https:\/\/m234barcelona.com\/en\/","name":"M234","description":"Otro sitio realizado con WordPress","potentialAction":[{"@type":"SearchAction","target":{"@type":"EntryPoint","urlTemplate":"https:\/\/m234barcelona.com\/en\/?s={search_term_string}"},"query-input":{"@type":"PropertyValueSpecification","valueRequired":true,"valueName":"search_term_string"}}],"inLanguage":"ca"}]}},"_links":{"self":[{"href":"https:\/\/m234barcelona.com\/ca\/wp-json\/wp\/v2\/pages\/18","targetHints":{"allow":["GET"]}}],"collection":[{"href":"https:\/\/m234barcelona.com\/ca\/wp-json\/wp\/v2\/pages"}],"about":[{"href":"https:\/\/m234barcelona.com\/ca\/wp-json\/wp\/v2\/types\/page"}],"author":[{"embeddable":true,"href":"https:\/\/m234barcelona.com\/ca\/wp-json\/wp\/v2\/users\/1"}],"replies":[{"embeddable":true,"href":"https:\/\/m234barcelona.com\/ca\/wp-json\/wp\/v2\/comments?post=18"}],"version-history":[{"count":6,"href":"https:\/\/m234barcelona.com\/ca\/wp-json\/wp\/v2\/pages\/18\/revisions"}],"predecessor-version":[{"id":205,"href":"https:\/\/m234barcelona.com\/ca\/wp-json\/wp\/v2\/pages\/18\/revisions\/205"}],"wp:attachment":[{"href":"https:\/\/m234barcelona.com\/ca\/wp-json\/wp\/v2\/media?parent=18"}],"curies":[{"name":"wp","href":"https:\/\/api.w.org\/{rel}","templated":true}]}}