{"id":164,"date":"2021-11-16T08:47:15","date_gmt":"2021-11-16T08:47:15","guid":{"rendered":"https:\/\/www.m234barcelona.com\/?page_id=164"},"modified":"2021-12-13T14:17:49","modified_gmt":"2021-12-13T14:17:49","slug":"ubicacio","status":"publish","type":"page","link":"http:\/\/m234barcelona.com\/ca\/ubicacio\/","title":{"rendered":"Ubicaci\u00f3"},"content":{"rendered":"","protected":false},"excerpt":{"rendered":"","protected":false},"author":1,"featured_media":0,"parent":0,"menu_order":0,"comment_status":"closed","ping_status":"closed","template":"page-localizacion.php","meta":{"_acf_changed":false,"footnotes":""},"class_list":["post-164","page","type-page","status-publish","hentry"],"acf":[],"yoast_head":"<!-- This site is optimized with the Yoast SEO plugin v25.0 - https:\/\/yoast.com\/wordpress\/plugins\/seo\/ -->\n<title>Ubicaci\u00f3 | Casa Maury-Par\u00e9s | Mallorca 234<\/title>\n<meta name=\"description\" content=\"La ubicaci\u00f3 de Casa Maury-Par\u00e9s, situada al carrer Mallorca, 234, ocupa un lloc privilegiat a l&#039;Eixample, en el cor de Barcelona\" \/>\n<meta name=\"robots\" content=\"index, follow, max-snippet:-1, max-image-preview:large, max-video-preview:-1\" \/>\n<link rel=\"canonical\" href=\"https:\/\/m234barcelona.com\/ca\/ubicacio\/\" \/>\n<meta property=\"og:locale\" content=\"ca_ES\" \/>\n<meta property=\"og:type\" content=\"article\" \/>\n<meta property=\"og:title\" content=\"Ubicaci\u00f3 | Casa Maury-Par\u00e9s | Mallorca 234\" \/>\n<meta property=\"og:description\" content=\"La ubicaci\u00f3 de Casa Maury-Par\u00e9s, situada al carrer Mallorca, 234, ocupa un lloc privilegiat a l&#039;Eixample, en el cor de Barcelona\" \/>\n<meta property=\"og:url\" content=\"https:\/\/m234barcelona.com\/ca\/ubicacio\/\" \/>\n<meta property=\"og:site_name\" content=\"M234\" \/>\n<meta property=\"article:modified_time\" content=\"2021-12-13T14:17:49+00:00\" \/>\n<meta name=\"twitter:card\" content=\"summary_large_image\" \/>\n<script type=\"application\/ld+json\" class=\"yoast-schema-graph\">{\"@context\":\"https:\/\/schema.org\",\"@graph\":[{\"@type\":\"WebPage\",\"@id\":\"https:\/\/m234barcelona.com\/ca\/ubicacio\/\",\"url\":\"https:\/\/m234barcelona.com\/ca\/ubicacio\/\",\"name\":\"Ubicaci\u00f3 | Casa Maury-Par\u00e9s | Mallorca 234\",\"isPartOf\":{\"@id\":\"https:\/\/m234barcelona.com\/#website\"},\"datePublished\":\"2021-11-16T08:47:15+00:00\",\"dateModified\":\"2021-12-13T14:17:49+00:00\",\"description\":\"La ubicaci\u00f3 de Casa Maury-Par\u00e9s, situada al carrer Mallorca, 234, ocupa un lloc privilegiat a l'Eixample, en el cor de Barcelona\",\"breadcrumb\":{\"@id\":\"https:\/\/m234barcelona.com\/ca\/ubicacio\/#breadcrumb\"},\"inLanguage\":\"ca\",\"potentialAction\":[{\"@type\":\"ReadAction\",\"target\":[\"https:\/\/m234barcelona.com\/ca\/ubicacio\/\"]}]},{\"@type\":\"BreadcrumbList\",\"@id\":\"https:\/\/m234barcelona.com\/ca\/ubicacio\/#breadcrumb\",\"itemListElement\":[{\"@type\":\"ListItem\",\"position\":1,\"name\":\"Portada\",\"item\":\"http:\/\/m234barcelona.com\/ca\/\"},{\"@type\":\"ListItem\",\"position\":2,\"name\":\"Ubicaci\u00f3\"}]},{\"@type\":\"WebSite\",\"@id\":\"https:\/\/m234barcelona.com\/#website\",\"url\":\"https:\/\/m234barcelona.com\/\",\"name\":\"M234\",\"description\":\"Otro sitio realizado con WordPress\",\"potentialAction\":[{\"@type\":\"SearchAction\",\"target\":{\"@type\":\"EntryPoint\",\"urlTemplate\":\"https:\/\/m234barcelona.com\/?s={search_term_string}\"},\"query-input\":{\"@type\":\"PropertyValueSpecification\",\"valueRequired\":true,\"valueName\":\"search_term_string\"}}],\"inLanguage\":\"ca\"}]}<\/script>\n<!-- \/ Yoast SEO plugin. -->","yoast_head_json":{"title":"Ubicaci\u00f3 | Casa Maury-Par\u00e9s | Mallorca 234","description":"La ubicaci\u00f3 de Casa Maury-Par\u00e9s, situada al carrer Mallorca, 234, ocupa un lloc privilegiat a l'Eixample, en el cor de Barcelona","robots":{"index":"index","follow":"follow","max-snippet":"max-snippet:-1","max-image-preview":"max-image-preview:large","max-video-preview":"max-video-preview:-1"},"canonical":"https:\/\/m234barcelona.com\/ca\/ubicacio\/","og_locale":"ca_ES","og_type":"article","og_title":"Ubicaci\u00f3 | Casa Maury-Par\u00e9s | Mallorca 234","og_description":"La ubicaci\u00f3 de Casa Maury-Par\u00e9s, situada al carrer Mallorca, 234, ocupa un lloc privilegiat a l'Eixample, en el cor de Barcelona","og_url":"https:\/\/m234barcelona.com\/ca\/ubicacio\/","og_site_name":"M234","article_modified_time":"2021-12-13T14:17:49+00:00","twitter_card":"summary_large_image","schema":{"@context":"https:\/\/schema.org","@graph":[{"@type":"WebPage","@id":"https:\/\/m234barcelona.com\/ca\/ubicacio\/","url":"https:\/\/m234barcelona.com\/ca\/ubicacio\/","name":"Ubicaci\u00f3 | Casa Maury-Par\u00e9s | Mallorca 234","isPartOf":{"@id":"https:\/\/m234barcelona.com\/#website"},"datePublished":"2021-11-16T08:47:15+00:00","dateModified":"2021-12-13T14:17:49+00:00","description":"La ubicaci\u00f3 de Casa Maury-Par\u00e9s, situada al carrer Mallorca, 234, ocupa un lloc privilegiat a l'Eixample, en el cor de Barcelona","breadcrumb":{"@id":"https:\/\/m234barcelona.com\/ca\/ubicacio\/#breadcrumb"},"inLanguage":"ca","potentialAction":[{"@type":"ReadAction","target":["https:\/\/m234barcelona.com\/ca\/ubicacio\/"]}]},{"@type":"BreadcrumbList","@id":"https:\/\/m234barcelona.com\/ca\/ubicacio\/#breadcrumb","itemListElement":[{"@type":"ListItem","position":1,"name":"Portada","item":"http:\/\/m234barcelona.com\/ca\/"},{"@type":"ListItem","position":2,"name":"Ubicaci\u00f3"}]},{"@type":"WebSite","@id":"https:\/\/m234barcelona.com\/#website","url":"https:\/\/m234barcelona.com\/","name":"M234","description":"Otro sitio realizado con WordPress","potentialAction":[{"@type":"SearchAction","target":{"@type":"EntryPoint","urlTemplate":"https:\/\/m234barcelona.com\/?s={search_term_string}"},"query-input":{"@type":"PropertyValueSpecification","valueRequired":true,"valueName":"search_term_string"}}],"inLanguage":"ca"}]}},"_links":{"self":[{"href":"http:\/\/m234barcelona.com\/ca\/wp-json\/wp\/v2\/pages\/164","targetHints":{"allow":["GET"]}}],"collection":[{"href":"http:\/\/m234barcelona.com\/ca\/wp-json\/wp\/v2\/pages"}],"about":[{"href":"http:\/\/m234barcelona.com\/ca\/wp-json\/wp\/v2\/types\/page"}],"author":[{"embeddable":true,"href":"http:\/\/m234barcelona.com\/ca\/wp-json\/wp\/v2\/users\/1"}],"replies":[{"embeddable":true,"href":"http:\/\/m234barcelona.com\/ca\/wp-json\/wp\/v2\/comments?post=164"}],"version-history":[{"count":2,"href":"http:\/\/m234barcelona.com\/ca\/wp-json\/wp\/v2\/pages\/164\/revisions"}],"predecessor-version":[{"id":166,"href":"http:\/\/m234barcelona.com\/ca\/wp-json\/wp\/v2\/pages\/164\/revisions\/166"}],"wp:attachment":[{"href":"http:\/\/m234barcelona.com\/ca\/wp-json\/wp\/v2\/media?parent=164"}],"curies":[{"name":"wp","href":"https:\/\/api.w.org\/{rel}","templated":true}]}}